{"id":6646,"date":"2018-02-20T14:03:10","date_gmt":"2018-02-20T14:03:10","guid":{"rendered":"https:\/\/hemisferiosalud.com.ar\/?page_id=6646"},"modified":"2021-11-16T15:00:11","modified_gmt":"2021-11-16T18:00:11","slug":"vademecum","status":"publish","type":"page","link":"https:\/\/olsensalud.com.ar\/?page_id=6646","title":{"rendered":"Vademecum"},"content":{"rendered":"\r\n<div id=\"themify_builder_content-6646\" data-postid=\"6646\" class=\"themify_builder_content themify_builder_content-6646 themify_builder\">\n    \t<!-- module_row -->\n\t<div  class=\"themify_builder_row module_row clearfix module_row_0 themify_builder_6646_row module_row_6646-0 tb_r2dd987\">\n\t    \t    <div class=\"row_inner col_align_top\" >\n\t\t\t<div  class=\"module_column tb-column col-full first tb_6646_column module_column_0 module_column_6646-0-0 tb_2pkt991\" >\n\t    \t    \t        <div class=\"tb-column-inner\">\n\t\t        <!-- module plain text -->\n    <div  class=\"module module-plain-text plain-text-6646-0-0-0   tb_aslw992\">\n\t\t<div class=\"tb_text_wrap\" >\n\t    <p>Desde el enlace usted puede descargar el Vadem\u00e9cum Olsen Salud completo segun PMOE Nov-2004 (OSPEP, OSADRA, OSALARA).<\/p>\n\n<p style=\"font-style: italic;font-size:12px;\">Dicha copia est\u00e1 comprimida y en formato de planilla XLS.<\/p>\t<\/div>\n    <\/div>\n    <!-- \/module plain text -->\n\t        <\/div>\n\t    \t<\/div>\n\t\t    <\/div>\n\t    <!-- \/row_inner -->\n\t<\/div>\n\t<!-- \/module_row -->\n\t\t<!-- module_row -->\n\t<div  class=\"themify_builder_row module_row clearfix module_row_1 themify_builder_6646_row module_row_6646-1 tb_ynzz987\">\n\t    \t    <div class=\"row_inner col_align_top\" >\n\t\t\t<div  class=\"module_column tb-column col4-1 first tb_6646_column module_column_0 module_column_6646-1-0 tb_ocsb995\" style=\"width: 27.6%\" >\n\t    \t    \t<\/div>\n\t\t<div  class=\"module_column tb-column col4-2 middle tb_6646_column module_column_1 module_column_6646-1-1 tb_54d0996\" style=\"width: 38%\" >\n\t    \t    \t        <div class=\"tb-column-inner\">\n\t\t        <!-- module feature -->\n   <div  class=\"module module-feature feature-6646-1-1-0 with-chart layout-icon-right size-small normas-operativas  tb_cf6l996\" id=\"vademecum\">\n        <style type=\"text\/css\"><\/style>\n        \n        <div class=\"module-feature-image\">\n            \n                            <a href=\"https:\/\/olsensalud.com.ar\/wp-content\/uploads\/2018\/03\/vademecum.xls\" target=\"_blank\" rel=\"noopener\" >\n                   \n                <div class=\"module-feature-chart-html5\"\n                                     >\n                    <div class=\"chart-html5-circle\">\n                                                <div class=\"chart-html5-inset chart-html5-inset-icon\">\n\n                                                                                            <i class=\"module-feature-icon fa fa-download\" style=\"color: #153b72\"><\/i>                            \n                        <\/div>\n                    <\/div>\n                <\/div>\n\n                                <\/a>\n                    <\/div>\n\n        <div class=\"module-feature-content\">\n\t\t\t\t    <div class=\"tb_text_wrap\">\n\t\t<p><a style=\"color: #153b72;\" href=\"https:\/\/olsensalud.com.ar\/wp-content\/uploads\/2018\/03\/vademecum.xls\" taget=\"_blank\">DESCARGAR VADEM\u00c9CUM<\/a><\/p>\n\t    <\/div>\n\t<\/div>\n\n    <\/div>\n    <!-- \/module feature -->\n\t        <\/div>\n\t    \t<\/div>\n\t\t<div  class=\"module_column tb-column col4-1 last tb_6646_column module_column_2 module_column_6646-1-2 tb_e3xb997\" style=\"width: 28%\" >\n\t    \t    \t<\/div>\n\t\t    <\/div>\n\t    <!-- \/row_inner -->\n\t<\/div>\n\t<!-- \/module_row -->\n\t<\/div>\n","protected":false},"excerpt":{"rendered":"<p>Desde el enlace usted puede descargar el Vadem\u00e9cum Olsen Salud completo segun PMOE Nov-2004 (OSPEP, OSADRA, OSALARA). Dicha copia est\u00e1 comprimida y en formato de planilla XLS. DESCARGAR VADEM\u00c9CUM<\/p>\n","protected":false},"author":1,"featured_media":0,"parent":0,"menu_order":0,"comment_status":"closed","ping_status":"closed","template":"","meta":{"footnotes":""},"class_list":["post-6646","page","type-page","status-publish","hentry","has-post-title","has-post-date","has-post-category","has-post-tag","has-post-comment","has-post-author",""],"yoast_head":"<!-- This site is optimized with the Yoast SEO plugin v26.3 - https:\/\/yoast.com\/wordpress\/plugins\/seo\/ -->\n<title>Vademecum - Olsen Salud<\/title>\n<meta name=\"robots\" content=\"noindex, follow\" \/>\n<meta property=\"og:locale\" content=\"es_ES\" \/>\n<meta property=\"og:type\" content=\"article\" \/>\n<meta property=\"og:title\" content=\"Vademecum - Olsen Salud\" \/>\n<meta property=\"og:description\" content=\"Desde el enlace usted puede descargar el Vadem\u00e9cum Olsen Salud completo segun PMOE Nov-2004 (OSPEP, OSADRA, OSALARA). Dicha copia est\u00e1 comprimida y en formato de planilla XLS. DESCARGAR VADEM\u00c9CUM\" \/>\n<meta property=\"og:url\" content=\"https:\/\/olsensalud.com.ar\/?page_id=6646\" \/>\n<meta property=\"og:site_name\" content=\"Olsen Salud\" \/>\n<meta property=\"article:modified_time\" content=\"2021-11-16T18:00:11+00:00\" \/>\n<meta name=\"twitter:card\" content=\"summary_large_image\" \/>\n<script type=\"application\/ld+json\" class=\"yoast-schema-graph\">{\"@context\":\"https:\/\/schema.org\",\"@graph\":[{\"@type\":\"WebPage\",\"@id\":\"https:\/\/olsensalud.com.ar\/?page_id=6646\",\"url\":\"https:\/\/olsensalud.com.ar\/?page_id=6646\",\"name\":\"Vademecum - Olsen Salud\",\"isPartOf\":{\"@id\":\"https:\/\/olsensalud.com.ar\/#website\"},\"datePublished\":\"2018-02-20T14:03:10+00:00\",\"dateModified\":\"2021-11-16T18:00:11+00:00\",\"breadcrumb\":{\"@id\":\"https:\/\/olsensalud.com.ar\/?page_id=6646#breadcrumb\"},\"inLanguage\":\"es\",\"potentialAction\":[{\"@type\":\"ReadAction\",\"target\":[\"https:\/\/olsensalud.com.ar\/?page_id=6646\"]}]},{\"@type\":\"BreadcrumbList\",\"@id\":\"https:\/\/olsensalud.com.ar\/?page_id=6646#breadcrumb\",\"itemListElement\":[{\"@type\":\"ListItem\",\"position\":1,\"name\":\"Home\",\"item\":\"https:\/\/olsensalud.com.ar\/\"},{\"@type\":\"ListItem\",\"position\":2,\"name\":\"Vademecum\"}]},{\"@type\":\"WebSite\",\"@id\":\"https:\/\/olsensalud.com.ar\/#website\",\"url\":\"https:\/\/olsensalud.com.ar\/\",\"name\":\"Olsen Salud\",\"description\":\"\",\"potentialAction\":[{\"@type\":\"SearchAction\",\"target\":{\"@type\":\"EntryPoint\",\"urlTemplate\":\"https:\/\/olsensalud.com.ar\/?s={search_term_string}\"},\"query-input\":{\"@type\":\"PropertyValueSpecification\",\"valueRequired\":true,\"valueName\":\"search_term_string\"}}],\"inLanguage\":\"es\"}]}<\/script>\n<!-- \/ Yoast SEO plugin. -->","yoast_head_json":{"title":"Vademecum - Olsen Salud","robots":{"index":"noindex","follow":"follow"},"og_locale":"es_ES","og_type":"article","og_title":"Vademecum - Olsen Salud","og_description":"Desde el enlace usted puede descargar el Vadem\u00e9cum Olsen Salud completo segun PMOE Nov-2004 (OSPEP, OSADRA, OSALARA). Dicha copia est\u00e1 comprimida y en formato de planilla XLS. DESCARGAR VADEM\u00c9CUM","og_url":"https:\/\/olsensalud.com.ar\/?page_id=6646","og_site_name":"Olsen Salud","article_modified_time":"2021-11-16T18:00:11+00:00","twitter_card":"summary_large_image","schema":{"@context":"https:\/\/schema.org","@graph":[{"@type":"WebPage","@id":"https:\/\/olsensalud.com.ar\/?page_id=6646","url":"https:\/\/olsensalud.com.ar\/?page_id=6646","name":"Vademecum - Olsen Salud","isPartOf":{"@id":"https:\/\/olsensalud.com.ar\/#website"},"datePublished":"2018-02-20T14:03:10+00:00","dateModified":"2021-11-16T18:00:11+00:00","breadcrumb":{"@id":"https:\/\/olsensalud.com.ar\/?page_id=6646#breadcrumb"},"inLanguage":"es","potentialAction":[{"@type":"ReadAction","target":["https:\/\/olsensalud.com.ar\/?page_id=6646"]}]},{"@type":"BreadcrumbList","@id":"https:\/\/olsensalud.com.ar\/?page_id=6646#breadcrumb","itemListElement":[{"@type":"ListItem","position":1,"name":"Home","item":"https:\/\/olsensalud.com.ar\/"},{"@type":"ListItem","position":2,"name":"Vademecum"}]},{"@type":"WebSite","@id":"https:\/\/olsensalud.com.ar\/#website","url":"https:\/\/olsensalud.com.ar\/","name":"Olsen Salud","description":"","potentialAction":[{"@type":"SearchAction","target":{"@type":"EntryPoint","urlTemplate":"https:\/\/olsensalud.com.ar\/?s={search_term_string}"},"query-input":{"@type":"PropertyValueSpecification","valueRequired":true,"valueName":"search_term_string"}}],"inLanguage":"es"}]}},"_links":{"self":[{"href":"https:\/\/olsensalud.com.ar\/index.php?rest_route=\/wp\/v2\/pages\/6646","targetHints":{"allow":["GET"]}}],"collection":[{"href":"https:\/\/olsensalud.com.ar\/index.php?rest_route=\/wp\/v2\/pages"}],"about":[{"href":"https:\/\/olsensalud.com.ar\/index.php?rest_route=\/wp\/v2\/types\/page"}],"author":[{"embeddable":true,"href":"https:\/\/olsensalud.com.ar\/index.php?rest_route=\/wp\/v2\/users\/1"}],"replies":[{"embeddable":true,"href":"https:\/\/olsensalud.com.ar\/index.php?rest_route=%2Fwp%2Fv2%2Fcomments&post=6646"}],"version-history":[{"count":15,"href":"https:\/\/olsensalud.com.ar\/index.php?rest_route=\/wp\/v2\/pages\/6646\/revisions"}],"predecessor-version":[{"id":6971,"href":"https:\/\/olsensalud.com.ar\/index.php?rest_route=\/wp\/v2\/pages\/6646\/revisions\/6971"}],"wp:attachment":[{"href":"https:\/\/olsensalud.com.ar\/index.php?rest_route=%2Fwp%2Fv2%2Fmedia&parent=6646"}],"curies":[{"name":"wp","href":"https:\/\/api.w.org\/{rel}","templated":true}]}}