{"id":6485,"date":"2018-02-19T17:52:11","date_gmt":"2018-02-19T17:52:11","guid":{"rendered":"https:\/\/hemisferiosalud.com.ar\/?page_id=6485"},"modified":"2024-01-09T11:53:42","modified_gmt":"2024-01-09T14:53:42","slug":"servicios","status":"publish","type":"page","link":"https:\/\/olsensalud.com.ar\/?page_id=6485","title":{"rendered":"Servicios"},"content":{"rendered":"\r\n<div id=\"themify_builder_content-6485\" data-postid=\"6485\" class=\"themify_builder_content themify_builder_content-6485 themify_builder\">\n    \t<!-- module_row -->\n\t<div  id=\"servicios\" class=\"themify_builder_row module_row clearfix module_row_0 themify_builder_6485_row module_row_6485-0 tb_xhnh889\">\n\t    \t    <div class=\"row_inner col_align_top\" >\n\t\t\t<div  class=\"module_column tb-column col3-1 first tb_6485_column module_column_0 module_column_6485-0-0 tb_yndy895\" >\n\t    \t    \t        <div class=\"tb-column-inner\">\n\t\t        <!-- module image -->\n    <div  class=\"module module-image image-6485-0-0-0  image-top   tb_x8cz897  auto_fullwidth\">\n\t                <div class=\"image-wrap\">\n                            <img decoding=\"async\" src=\"https:\/\/olsensalud.com.ar\/wp-content\/uploads\/2018\/02\/pic-services-1.jpg\" alt=\"Servicios\" \/>            \n                        <\/div>\n            <!-- \/image-wrap -->\n        \n        \n        <\/div>\n    <!-- \/module image -->\n        <!-- module fancy heading -->\n    <div  class=\"module module-fancy-heading fancy-heading-6485-0-0-1   tb_w0g7899\">\n\t        <h1 class=\"fancy-heading tb-align-left\">\n        <span  class=\"main-head\">\n            RED NAC. DE PRESTACIONES M\u00c9DICO ASISTENCIALES        <\/span>\n        <span class=\"sub-head tb_hide_divider\">\n                    <\/span>\n\n        <\/h1>\n    <\/div>\n    <!-- \/module fancy heading -->\n    <!-- module plain text -->\n    <div  class=\"module module-plain-text plain-text-6485-0-0-2   tb_qcnb900\">\n\t\t<div class=\"tb_text_wrap\" >\n\t    En cualquier parte del pa\u00eds, los afiliados a nuestro sistema, pueden acceder a los servicios m\u00e9dicos del lugar en donde se encuentren. Desde Jujuy a Tierra del Fuego, desde Buenos Aires hasta Mendoza. Consultorio, guardia, estudios complementarios, internaci\u00f3n cl\u00ednica, cirug\u00eda y alta complejidad. Con la sola presentaci\u00f3n del carnet de la instituci\u00f3n que nos contrata se abre la atenci\u00f3n en una red en todo el territorio nacional.\t<\/div>\n    <\/div>\n    <!-- \/module plain text -->\n\t        <\/div>\n\t    \t<\/div>\n\t\t<div  class=\"module_column tb-column col3-1 middle tb_6485_column module_column_1 module_column_6485-0-1 tb_1adt901\" >\n\t    \t    \t        <div class=\"tb-column-inner\">\n\t\t        <!-- module image -->\n    <div  class=\"module module-image image-6485-0-1-0  image-top   tb_w9ja901  auto_fullwidth\">\n\t                <div class=\"image-wrap\">\n                            <img decoding=\"async\" src=\"https:\/\/olsensalud.com.ar\/wp-content\/uploads\/2018\/02\/pic-services-2.jpg\" alt=\"Servicios\" \/>            \n                        <\/div>\n            <!-- \/image-wrap -->\n        \n        \n        <\/div>\n    <!-- \/module image -->\n        <!-- module fancy heading -->\n    <div  class=\"module module-fancy-heading fancy-heading-6485-0-1-1   tb_c4i1902\">\n\t        <h1 class=\"fancy-heading tb-align-left\">\n        <span  class=\"main-head\">\n            INTERNACI\u00d3N DOMICILIARIA        <\/span>\n        <span class=\"sub-head tb_hide_divider\">\n                    <\/span>\n\n        <\/h1>\n    <\/div>\n    <!-- \/module fancy heading -->\n    <!-- module plain text -->\n    <div  class=\"module module-plain-text plain-text-6485-0-1-2   tb_6dgu903\">\n\t\t<div class=\"tb_text_wrap\" >\n\t    Siendo la empresa l\u00edder en este sector con profesionales entrenados y con gran capacidad para la atenci\u00f3n de baja, mediana y alta complejidad as\u00ed como pacientes cr\u00f3nicos, adultos y pedi\u00e1tricos; inclusive los que necesitan asistencia respiratoria en domicilio con enfermer\u00eda de hasta 24 horas, y todos los recursos humanos para que funcione como una terapia intensiva en la casa del paciente.\t<\/div>\n    <\/div>\n    <!-- \/module plain text -->\n\t        <\/div>\n\t    \t<\/div>\n\t\t<div  class=\"module_column tb-column col3-1 last tb_6485_column module_column_2 module_column_6485-0-2 tb_xd9o904\" >\n\t    \t    \t        <div class=\"tb-column-inner\">\n\t\t        <!-- module image -->\n    <div  class=\"module module-image image-6485-0-2-0  image-top   tb_9lrk904  auto_fullwidth\">\n\t                <div class=\"image-wrap\">\n                            <a href=\"https:\/\/olsensalud.com.ar\/?page_id=36\"\n                                      >\n                                           <img decoding=\"async\" src=\"https:\/\/olsensalud.com.ar\/wp-content\/uploads\/2018\/02\/pic-services-3.jpg\" alt=\"Servicios\" \/>                <\/a>\n            \n                        <\/div>\n            <!-- \/image-wrap -->\n        \n        \n        <\/div>\n    <!-- \/module image -->\n        <!-- module fancy heading -->\n    <div  class=\"module module-fancy-heading fancy-heading-6485-0-2-1   tb_g3m5905\">\n\t        <h1 class=\"fancy-heading tb-align-left\">\n        <span  class=\"main-head\">\n            ASISTENCIA DOMICILIARIA        <\/span>\n        <span class=\"sub-head tb_hide_divider\">\n                    <\/span>\n\n        <\/h1>\n    <\/div>\n    <!-- \/module fancy heading -->\n    <!-- module plain text -->\n    <div  class=\"module module-plain-text plain-text-6485-0-2-2   tb_eyth905\">\n\t\t<div class=\"tb_text_wrap\" >\n\t    Est\u00e1 dise\u00f1ada para la atenci\u00f3n de pacientes en todos los niveles de complejidad. Esta base facilita la asistencia de aquellos que, viviendo solos o en compa\u00f1\u00eda de sus familiares, ingresan en una etapa donde ya no pueden valerse por sus propios medios. OLSEN SALUD ofrece vigilancia y cuidado en domicilio para Personas Mayores con nuestro personal y siempre respaldado por la organizaci\u00f3n m\u00e9dica.\t<\/div>\n    <\/div>\n    <!-- \/module plain text -->\n    <!-- module buttons -->\n    <div  class=\"module module-buttons buttons-6485-0-2-3 small solid circle   tb_vn8f906\">\n\t        \t<div class=\"module-buttons\">\n                            <div class=\"module-buttons-item  buttons-horizontal\">\n\t\t    \t\t\t<a href=\"https:\/\/olsensalud.com.ar\/?page_id=36\" class=\"ui builder_button blue\" >\n\t\t    \t\t    \t\t\t<span>Leer m\u00e1s<\/span>\n\t\t    \t\t    \t\t\t<\/a>\n\t\t                    <\/div>\n                    <\/div>\n    <\/div>\n    <!-- \/module buttons -->\n\t        <\/div>\n\t    \t<\/div>\n\t\t    <\/div>\n\t    <!-- \/row_inner -->\n\t<\/div>\n\t<!-- \/module_row -->\n\t\t<!-- module_row -->\n\t<div  id=\"servicios-2\" class=\"themify_builder_row module_row clearfix module_row_1 themify_builder_6485_row module_row_6485-1 tb_iqqx890\">\n\t    \t    <div class=\"row_inner col_align_top\" >\n\t\t\t<div  class=\"module_column tb-column col3-1 first tb_6485_column module_column_0 module_column_6485-1-0 tb_lycb908\" >\n\t    \t    \t        <div class=\"tb-column-inner\">\n\t\t        <!-- module image -->\n    <div  class=\"module module-image image-6485-1-0-0  image-top   tb_qo8q909  auto_fullwidth\">\n\t                <div class=\"image-wrap\">\n                            <img decoding=\"async\" src=\"https:\/\/olsensalud.com.ar\/wp-content\/uploads\/2018\/02\/pic-services-4.jpg\" alt=\"Servicios\" \/>            \n                        <\/div>\n            <!-- \/image-wrap -->\n        \n        \n        <\/div>\n    <!-- \/module image -->\n        <!-- module fancy heading -->\n    <div  class=\"module module-fancy-heading fancy-heading-6485-1-0-1   tb_xtrj910\">\n\t        <h1 class=\"fancy-heading tb-align-left\">\n        <span  class=\"main-head\">\n            SERVICIO DE CONTROL A DOMICILIO        <\/span>\n        <span class=\"sub-head tb_hide_divider\">\n                    <\/span>\n\n        <\/h1>\n    <\/div>\n    <!-- \/module fancy heading -->\n    <!-- module plain text -->\n    <div  class=\"module module-plain-text plain-text-6485-1-0-2   tb_l49l911\">\n\t\t<div class=\"tb_text_wrap\" >\n\t    Asegura la atenci\u00f3n durante las 24 horas del d\u00eda durante todo el a\u00f1o, siendo los afiliados asistidos por m\u00e9dicos cl\u00ednicos, pediatras, emergent\u00f3logos, y cardi\u00f3logos entrenados para el manejo de cada situaci\u00f3n en particular y proveer la contenci\u00f3n familiar, seleccionados entre los mejores, con criterios claros y precisos para indicar la internaci\u00f3n.\t<\/div>\n    <\/div>\n    <!-- \/module plain text -->\n\t        <\/div>\n\t    \t<\/div>\n\t\t<div  class=\"module_column tb-column col3-1 middle tb_6485_column module_column_1 module_column_6485-1-1 tb_vbzh913\" >\n\t    \t    \t        <div class=\"tb-column-inner\">\n\t\t        <!-- module image -->\n    <div  class=\"module module-image image-6485-1-1-0  image-top   tb_f5rs914  auto_fullwidth\">\n\t                <div class=\"image-wrap\">\n                            <a href=\"https:\/\/olsensalud.com.ar\/?page_id=36\"\n                                      >\n                                           <img decoding=\"async\" src=\"https:\/\/olsensalud.com.ar\/wp-content\/uploads\/2018\/02\/pic-services-5.jpg\" alt=\"Servicios\" \/>                <\/a>\n            \n                        <\/div>\n            <!-- \/image-wrap -->\n        \n        \n        <\/div>\n    <!-- \/module image -->\n        <!-- module fancy heading -->\n    <div  class=\"module module-fancy-heading fancy-heading-6485-1-1-1   tb_755a915\">\n\t        <h1 class=\"fancy-heading tb-align-left\">\n        <span  class=\"main-head\">\n            SERVICIO DE TRASLADOS EN AMBULANCIA        <\/span>\n        <span class=\"sub-head tb_hide_divider\">\n                    <\/span>\n\n        <\/h1>\n    <\/div>\n    <!-- \/module fancy heading -->\n    <!-- module plain text -->\n    <div  class=\"module module-plain-text plain-text-6485-1-1-2   tb_638i916\">\n\t\t<div class=\"tb_text_wrap\" >\n\t    De baja, mediana y alta complejidad, tanto para cl\u00ednica medica, pediatr\u00eda y neonatolog\u00eda, programados o urgencias. La cobertura se cumple con Unidades M\u00f3viles dotadas con la \u00faltima tecnolog\u00eda y equipadas para ello. Tanto el Servicio de M\u00e9dico a Domicilio como el de Urgencias, Emergencias y traslados, se maneja a trav\u00e9s de un Centro de Coordinaci\u00f3n permanente. <a href=\"https:\/\/olsensalud.com.ar\/wp-content\/uploads\/2024\/01\/Presentacion-Olsen-Salud-medicos-a-domicilio-2024.pdf\">Descargar carpeta de Servicios M\u00e9dicos a Domicilio<\/a>\t<\/div>\n    <\/div>\n    <!-- \/module plain text -->\n\t        <\/div>\n\t    \t<\/div>\n\t\t<div  class=\"module_column tb-column col3-1 last tb_6485_column module_column_2 module_column_6485-1-2 tb_6puj917\" >\n\t    \t    \t        <div class=\"tb-column-inner\">\n\t\t            <!-- module fancy heading -->\n    <div  class=\"module module-fancy-heading fancy-heading-6485-1-2-0   tb_p57n918\">\n\t        <h1 class=\"fancy-heading tb-align-left\">\n        <span  class=\"main-head\">\n            \u00bfPOR QU\u00c9 ELEGIRNOS?        <\/span>\n        <span class=\"sub-head tb_hide_divider\">\n                    <\/span>\n\n        <\/h1>\n    <\/div>\n    <!-- \/module fancy heading -->\n    <!-- module plain text -->\n    <div  class=\"module module-plain-text plain-text-6485-1-2-1   tb_1arr918\">\n\t\t<div class=\"tb_text_wrap\" >\n\t    Dada nuestra trayectoria, la empresa se encuentra dividida en departamentos con servicios propios bajo una s\u00f3lida Coordinaci\u00f3n M\u00e9dica y param\u00e9dica en todos los servicios. Esto nos permite realizar, desde convenios de atenci\u00f3n integrales, donde la instituci\u00f3n establece una pauta de calidad con un presupuesto fijo hasta acuerdos por servicios espec\u00edficos. \n\nDesde la concesi\u00f3n administrativa y asistencial hasta contratos por nivel; s\u00f3lo primer nivel, primero y segundo o las tres categor\u00edas de atenci\u00f3n. Asimismo brindamos servicios parciales como el servicio de atenci\u00f3n domiciliaria, internaci\u00f3n, red de salud mental etc.\t<\/div>\n    <\/div>\n    <!-- \/module plain text -->\n\t        <\/div>\n\t    \t<\/div>\n\t\t    <\/div>\n\t    <!-- \/row_inner -->\n\t<\/div>\n\t<!-- \/module_row -->\n\t<\/div>\n","protected":false},"excerpt":{"rendered":"<p>RED NAC. DE PRESTACIONES M\u00c9DICO ASISTENCIALES En cualquier parte del pa\u00eds, los afiliados a nuestro sistema, pueden acceder a los servicios m\u00e9dicos del lugar en donde se encuentren. Desde Jujuy a Tierra del Fuego, desde Buenos Aires hasta Mendoza. Consultorio, guardia, estudios complementarios, internaci\u00f3n cl\u00ednica, cirug\u00eda y alta complejidad. Con la sola presentaci\u00f3n del carnet [&hellip;]<\/p>\n","protected":false},"author":1,"featured_media":0,"parent":0,"menu_order":0,"comment_status":"closed","ping_status":"closed","template":"","meta":{"footnotes":""},"class_list":["post-6485","page","type-page","status-publish","hentry","has-post-title","has-post-date","has-post-category","has-post-tag","has-post-comment","has-post-author",""],"yoast_head":"<!-- This site is optimized with the Yoast SEO plugin v26.3 - https:\/\/yoast.com\/wordpress\/plugins\/seo\/ -->\n<title>Servicios - Olsen Salud<\/title>\n<meta name=\"robots\" content=\"noindex, follow\" \/>\n<meta property=\"og:locale\" content=\"es_ES\" \/>\n<meta property=\"og:type\" content=\"article\" \/>\n<meta property=\"og:title\" content=\"Servicios - Olsen Salud\" \/>\n<meta property=\"og:description\" content=\"RED NAC. DE PRESTACIONES M\u00c9DICO ASISTENCIALES En cualquier parte del pa\u00eds, los afiliados a nuestro sistema, pueden acceder a los servicios m\u00e9dicos del lugar en donde se encuentren. Desde Jujuy a Tierra del Fuego, desde Buenos Aires hasta Mendoza. Consultorio, guardia, estudios complementarios, internaci\u00f3n cl\u00ednica, cirug\u00eda y alta complejidad. Con la sola presentaci\u00f3n del carnet [&hellip;]\" \/>\n<meta property=\"og:url\" content=\"https:\/\/olsensalud.com.ar\/?page_id=6485\" \/>\n<meta property=\"og:site_name\" content=\"Olsen Salud\" \/>\n<meta property=\"article:modified_time\" content=\"2024-01-09T14:53:42+00:00\" \/>\n<meta property=\"og:image\" content=\"https:\/\/olsensalud.com.ar\/wp-content\/uploads\/2018\/02\/pic-services-1.jpg\" \/>\n<meta name=\"twitter:card\" content=\"summary_large_image\" \/>\n<meta name=\"twitter:label1\" content=\"Tiempo de lectura\" \/>\n\t<meta name=\"twitter:data1\" content=\"2 minutos\" \/>\n<script type=\"application\/ld+json\" class=\"yoast-schema-graph\">{\"@context\":\"https:\/\/schema.org\",\"@graph\":[{\"@type\":\"WebPage\",\"@id\":\"https:\/\/olsensalud.com.ar\/?page_id=6485\",\"url\":\"https:\/\/olsensalud.com.ar\/?page_id=6485\",\"name\":\"Servicios - Olsen Salud\",\"isPartOf\":{\"@id\":\"https:\/\/olsensalud.com.ar\/#website\"},\"primaryImageOfPage\":{\"@id\":\"https:\/\/olsensalud.com.ar\/?page_id=6485#primaryimage\"},\"image\":{\"@id\":\"https:\/\/olsensalud.com.ar\/?page_id=6485#primaryimage\"},\"thumbnailUrl\":\"https:\/\/olsensalud.com.ar\/wp-content\/uploads\/2018\/02\/pic-services-1.jpg\",\"datePublished\":\"2018-02-19T17:52:11+00:00\",\"dateModified\":\"2024-01-09T14:53:42+00:00\",\"breadcrumb\":{\"@id\":\"https:\/\/olsensalud.com.ar\/?page_id=6485#breadcrumb\"},\"inLanguage\":\"es\",\"potentialAction\":[{\"@type\":\"ReadAction\",\"target\":[\"https:\/\/olsensalud.com.ar\/?page_id=6485\"]}]},{\"@type\":\"ImageObject\",\"inLanguage\":\"es\",\"@id\":\"https:\/\/olsensalud.com.ar\/?page_id=6485#primaryimage\",\"url\":\"https:\/\/olsensalud.com.ar\/wp-content\/uploads\/2018\/02\/pic-services-1.jpg\",\"contentUrl\":\"https:\/\/olsensalud.com.ar\/wp-content\/uploads\/2018\/02\/pic-services-1.jpg\"},{\"@type\":\"BreadcrumbList\",\"@id\":\"https:\/\/olsensalud.com.ar\/?page_id=6485#breadcrumb\",\"itemListElement\":[{\"@type\":\"ListItem\",\"position\":1,\"name\":\"Home\",\"item\":\"https:\/\/olsensalud.com.ar\/\"},{\"@type\":\"ListItem\",\"position\":2,\"name\":\"Servicios\"}]},{\"@type\":\"WebSite\",\"@id\":\"https:\/\/olsensalud.com.ar\/#website\",\"url\":\"https:\/\/olsensalud.com.ar\/\",\"name\":\"Olsen Salud\",\"description\":\"\",\"potentialAction\":[{\"@type\":\"SearchAction\",\"target\":{\"@type\":\"EntryPoint\",\"urlTemplate\":\"https:\/\/olsensalud.com.ar\/?s={search_term_string}\"},\"query-input\":{\"@type\":\"PropertyValueSpecification\",\"valueRequired\":true,\"valueName\":\"search_term_string\"}}],\"inLanguage\":\"es\"}]}<\/script>\n<!-- \/ Yoast SEO plugin. -->","yoast_head_json":{"title":"Servicios - Olsen Salud","robots":{"index":"noindex","follow":"follow"},"og_locale":"es_ES","og_type":"article","og_title":"Servicios - Olsen Salud","og_description":"RED NAC. DE PRESTACIONES M\u00c9DICO ASISTENCIALES En cualquier parte del pa\u00eds, los afiliados a nuestro sistema, pueden acceder a los servicios m\u00e9dicos del lugar en donde se encuentren. Desde Jujuy a Tierra del Fuego, desde Buenos Aires hasta Mendoza. Consultorio, guardia, estudios complementarios, internaci\u00f3n cl\u00ednica, cirug\u00eda y alta complejidad. Con la sola presentaci\u00f3n del carnet [&hellip;]","og_url":"https:\/\/olsensalud.com.ar\/?page_id=6485","og_site_name":"Olsen Salud","article_modified_time":"2024-01-09T14:53:42+00:00","og_image":[{"url":"https:\/\/olsensalud.com.ar\/wp-content\/uploads\/2018\/02\/pic-services-1.jpg","type":"","width":"","height":""}],"twitter_card":"summary_large_image","twitter_misc":{"Tiempo de lectura":"2 minutos"},"schema":{"@context":"https:\/\/schema.org","@graph":[{"@type":"WebPage","@id":"https:\/\/olsensalud.com.ar\/?page_id=6485","url":"https:\/\/olsensalud.com.ar\/?page_id=6485","name":"Servicios - Olsen Salud","isPartOf":{"@id":"https:\/\/olsensalud.com.ar\/#website"},"primaryImageOfPage":{"@id":"https:\/\/olsensalud.com.ar\/?page_id=6485#primaryimage"},"image":{"@id":"https:\/\/olsensalud.com.ar\/?page_id=6485#primaryimage"},"thumbnailUrl":"https:\/\/olsensalud.com.ar\/wp-content\/uploads\/2018\/02\/pic-services-1.jpg","datePublished":"2018-02-19T17:52:11+00:00","dateModified":"2024-01-09T14:53:42+00:00","breadcrumb":{"@id":"https:\/\/olsensalud.com.ar\/?page_id=6485#breadcrumb"},"inLanguage":"es","potentialAction":[{"@type":"ReadAction","target":["https:\/\/olsensalud.com.ar\/?page_id=6485"]}]},{"@type":"ImageObject","inLanguage":"es","@id":"https:\/\/olsensalud.com.ar\/?page_id=6485#primaryimage","url":"https:\/\/olsensalud.com.ar\/wp-content\/uploads\/2018\/02\/pic-services-1.jpg","contentUrl":"https:\/\/olsensalud.com.ar\/wp-content\/uploads\/2018\/02\/pic-services-1.jpg"},{"@type":"BreadcrumbList","@id":"https:\/\/olsensalud.com.ar\/?page_id=6485#breadcrumb","itemListElement":[{"@type":"ListItem","position":1,"name":"Home","item":"https:\/\/olsensalud.com.ar\/"},{"@type":"ListItem","position":2,"name":"Servicios"}]},{"@type":"WebSite","@id":"https:\/\/olsensalud.com.ar\/#website","url":"https:\/\/olsensalud.com.ar\/","name":"Olsen Salud","description":"","potentialAction":[{"@type":"SearchAction","target":{"@type":"EntryPoint","urlTemplate":"https:\/\/olsensalud.com.ar\/?s={search_term_string}"},"query-input":{"@type":"PropertyValueSpecification","valueRequired":true,"valueName":"search_term_string"}}],"inLanguage":"es"}]}},"_links":{"self":[{"href":"https:\/\/olsensalud.com.ar\/index.php?rest_route=\/wp\/v2\/pages\/6485","targetHints":{"allow":["GET"]}}],"collection":[{"href":"https:\/\/olsensalud.com.ar\/index.php?rest_route=\/wp\/v2\/pages"}],"about":[{"href":"https:\/\/olsensalud.com.ar\/index.php?rest_route=\/wp\/v2\/types\/page"}],"author":[{"embeddable":true,"href":"https:\/\/olsensalud.com.ar\/index.php?rest_route=\/wp\/v2\/users\/1"}],"replies":[{"embeddable":true,"href":"https:\/\/olsensalud.com.ar\/index.php?rest_route=%2Fwp%2Fv2%2Fcomments&post=6485"}],"version-history":[{"count":25,"href":"https:\/\/olsensalud.com.ar\/index.php?rest_route=\/wp\/v2\/pages\/6485\/revisions"}],"predecessor-version":[{"id":7018,"href":"https:\/\/olsensalud.com.ar\/index.php?rest_route=\/wp\/v2\/pages\/6485\/revisions\/7018"}],"wp:attachment":[{"href":"https:\/\/olsensalud.com.ar\/index.php?rest_route=%2Fwp%2Fv2%2Fmedia&parent=6485"}],"curies":[{"name":"wp","href":"https:\/\/api.w.org\/{rel}","templated":true}]}}