{"id":36,"date":"2014-02-26T19:13:31","date_gmt":"2014-02-26T19:13:31","guid":{"rendered":"https:\/\/hemisferiosalud.com.ar\/?page_id=36"},"modified":"2023-01-11T06:57:38","modified_gmt":"2023-01-11T09:57:38","slug":"asistencia-domiciliaria","status":"publish","type":"page","link":"https:\/\/olsensalud.com.ar\/?page_id=36","title":{"rendered":"Asistencia domiciliaria"},"content":{"rendered":"<p>El hogar es el lugar donde vivimos, es ah\u00ed donde nos sentimos vivos con nuestra familia y nuestro entorno, de el formamos parte y a el pertenecemos.\u00a0Con este pensamiento encaramos nuestra tarea para que el anciano permanezca en su lugar , su Hogar, no separ\u00e1ndolo de su entorno de vida.\u00a0De esta forma, en su hogar, su calidad de vida estar\u00e1 asegurada.<\/p>\n<p><strong>Nuestro objetivo es el de ayudar al anciano y a su familia<\/strong>. Proveer todos los medios para que reciba los cuidados que necesite, previniendo de esta forma todo tipo de trastornos y deterioros tanto f\u00edsicos como mentales.\u00a0De esta manera evitamos su internaci\u00f3n en Geri\u00e1tricos, sobre los cuales los familiares no llegan a tener un control sobre el tratamiento o el cuidado real que se les brinda. Lleg\u00e1ndose a convertir para ellos en lugares de abandono o cl\u00ednicas.\u00a0No olvidemos que un Hogar de ancianos o Geri\u00e1trico a veces suele ser perjudicial, ya que el anciano se limita a realizar las pocas tareas que puedan surgir all\u00ed perdiendo su intimidad y libre desenvolvimiento, limit\u00e1ndolo solo a horarios y funciones que cumplir.<\/p>\n<p>Esto es como resultado de la incapacidad de las familias o de algunas de ellas que no saben o no pueden hacerse cargo del anciano.\u00a0Si el anciano es atendido en su hogar logramos de esta manera que ellos se sientan y vivan de la mejor manera.\u00a0<strong>Olsen Salud<\/strong> es una empresa que comenz\u00f3 sus actividades dedic\u00e1ndose al cuidado de las Personas y Discapacitados en su domicilio habitual.\u00a0La necesidad, hoy en d\u00eda, tanto del colectivo de La Tercera Edad como de las personas discapacitadas estriba en una atenci\u00f3n continua y especializada sin que haya que desarraigarlos de su propio domicilio, en todas sus situaciones: V\u00e1lidos, Asistidos, Demencia Senil, Alzehimer, que est\u00e9n viviendo solos o en compa\u00f1\u00eda de sus familiares.<\/p>\n<p>En <strong>Olsen Salud<\/strong> ofrecemos continua vigilancia y cuidados para las Personas Mayores dentro de su domicilio mediante cuidadoras geri\u00e1tricas.\u00a0Solucionamos todos los requerimientos de la vida diaria: Higiene personal, alimentaci\u00f3n, limpieza del h\u00e1bitat y atenci\u00f3n constante y continuada. Sirviendo adem\u00e1s de apoyo, acompa\u00f1amiento y asesoramiento durante las horas convenidas.\u00a0Todo ello queda complementado con una asistencia de profesionales M\u00e9dicos, Fisioterapeutas, Pod\u00f3logos, An\u00e1lisis Cl\u00ednicos etc. prestado dentro de su domicilio.<\/p>\n<p><strong>Olsen Salud<\/strong>, de esta manera, cubre las necesidades que presentan hoy en d\u00eda las Personas Mayores sin necesidad de desarraigarlos de su domicilio y a la vez colaborar con sus familiares en la seguridad que supone confiar en una empresa que se preocupa del bienestar de sus Mayores.<\/p>\n<p>Por ello <strong>Olsen Salud<\/strong> les facilita la soluci\u00f3n a sus necesidades, proporcion\u00e1ndoles los servicios de:<\/p>\n<ul>\n<li>M\u00e9dicos.<\/li>\n<li>Psic\u00f3logo.<\/li>\n<li>Pod\u00f3logo, fisioterapeuta, rehabilitador.<\/li>\n<li>Masaje terap\u00e9utico.<\/li>\n<li>Material sanitario y\/o ortop\u00e9dico.<\/li>\n<li>Peluquer\u00eda a domicilio.<\/li>\n<li>Mobiliario, enseres adaptados y material accesorio.<\/li>\n<li>Otras, &#8230;<\/li>\n<\/ul>\n<h4>Asistencia telef\u00f3nica<\/h4>\n<p>La asistencia telef\u00f3nica domiciliaria consiste en un sistema de ayuda a domicilio que cubre las necesidades de aquellas personas que por su situaci\u00f3n personal, su edad o su estado f\u00edsico pueden requerir atenci\u00f3n puntual y asistencia r\u00e1pida en casos de emergencia durante las 24 horas.<\/p>\n<p>&nbsp;<\/p>\n<p>En definitiva <strong>Olsen Salud<\/strong> proporciona TRANQUILIDAD, SEGURIDAD y PROTECCI\u00d3N ante cualquier incidencia o percance que se produzca en el domicilio.<\/p>\n<h4>Objetivos<\/h4>\n<ul>\n<li>Permitir al anciano continuar con una vida independiente sin necesidad de llevarlo a convivir con un familiar o internarlo en un instituto geri\u00e1trico.<\/li>\n<li>Identificaci\u00f3n de pacientes problemas en cada instituci\u00f3n y con el sistema evitar el conflicto y el uso reiterado del servicio.<\/li>\n<\/ul>\n<p>&nbsp;<\/p>\n<p>&nbsp;<\/p>\n<div id=\"themify_builder_content-36\" data-postid=\"36\" class=\"themify_builder_content themify_builder_content-36 themify_builder\">\n    <\/div>\n<!-- \/themify_builder_content -->","protected":false},"excerpt":{"rendered":"<p>El hogar es el lugar donde vivimos, es ah\u00ed donde nos sentimos vivos con nuestra familia y nuestro entorno, de el formamos parte y a el pertenecemos.\u00a0Con este pensamiento encaramos nuestra tarea para que el anciano permanezca en su lugar , su Hogar, no separ\u00e1ndolo de su entorno de vida.\u00a0De esta forma, en su hogar, [&hellip;]<\/p>\n","protected":false},"author":1,"featured_media":0,"parent":6485,"menu_order":0,"comment_status":"closed","ping_status":"closed","template":"","meta":{"footnotes":""},"class_list":["post-36","page","type-page","status-publish","hentry","has-post-title","has-post-date","has-post-category","has-post-tag","has-post-comment","has-post-author",""],"yoast_head":"<!-- This site is optimized with the Yoast SEO plugin v26.3 - https:\/\/yoast.com\/wordpress\/plugins\/seo\/ -->\n<title>Asistencia domiciliaria - Olsen Salud<\/title>\n<meta name=\"robots\" content=\"noindex, follow\" \/>\n<meta property=\"og:locale\" content=\"es_ES\" \/>\n<meta property=\"og:type\" content=\"article\" \/>\n<meta property=\"og:title\" content=\"Asistencia domiciliaria - Olsen Salud\" \/>\n<meta property=\"og:description\" content=\"El hogar es el lugar donde vivimos, es ah\u00ed donde nos sentimos vivos con nuestra familia y nuestro entorno, de el formamos parte y a el pertenecemos.\u00a0Con este pensamiento encaramos nuestra tarea para que el anciano permanezca en su lugar , su Hogar, no separ\u00e1ndolo de su entorno de vida.\u00a0De esta forma, en su hogar, [&hellip;]\" \/>\n<meta property=\"og:url\" content=\"https:\/\/olsensalud.com.ar\/?page_id=36\" \/>\n<meta property=\"og:site_name\" content=\"Olsen Salud\" \/>\n<meta property=\"article:modified_time\" content=\"2023-01-11T09:57:38+00:00\" \/>\n<meta name=\"twitter:card\" content=\"summary_large_image\" \/>\n<meta name=\"twitter:label1\" content=\"Tiempo de lectura\" \/>\n\t<meta name=\"twitter:data1\" content=\"3 minutos\" \/>\n<script type=\"application\/ld+json\" class=\"yoast-schema-graph\">{\"@context\":\"https:\/\/schema.org\",\"@graph\":[{\"@type\":\"WebPage\",\"@id\":\"https:\/\/olsensalud.com.ar\/?page_id=36\",\"url\":\"https:\/\/olsensalud.com.ar\/?page_id=36\",\"name\":\"Asistencia domiciliaria - Olsen Salud\",\"isPartOf\":{\"@id\":\"https:\/\/olsensalud.com.ar\/#website\"},\"datePublished\":\"2014-02-26T19:13:31+00:00\",\"dateModified\":\"2023-01-11T09:57:38+00:00\",\"breadcrumb\":{\"@id\":\"https:\/\/olsensalud.com.ar\/?page_id=36#breadcrumb\"},\"inLanguage\":\"es\",\"potentialAction\":[{\"@type\":\"ReadAction\",\"target\":[\"https:\/\/olsensalud.com.ar\/?page_id=36\"]}]},{\"@type\":\"BreadcrumbList\",\"@id\":\"https:\/\/olsensalud.com.ar\/?page_id=36#breadcrumb\",\"itemListElement\":[{\"@type\":\"ListItem\",\"position\":1,\"name\":\"Home\",\"item\":\"https:\/\/olsensalud.com.ar\/\"},{\"@type\":\"ListItem\",\"position\":2,\"name\":\"Servicios\",\"item\":\"https:\/\/olsensalud.com.ar\/?page_id=6485\"},{\"@type\":\"ListItem\",\"position\":3,\"name\":\"Asistencia domiciliaria\"}]},{\"@type\":\"WebSite\",\"@id\":\"https:\/\/olsensalud.com.ar\/#website\",\"url\":\"https:\/\/olsensalud.com.ar\/\",\"name\":\"Olsen Salud\",\"description\":\"\",\"potentialAction\":[{\"@type\":\"SearchAction\",\"target\":{\"@type\":\"EntryPoint\",\"urlTemplate\":\"https:\/\/olsensalud.com.ar\/?s={search_term_string}\"},\"query-input\":{\"@type\":\"PropertyValueSpecification\",\"valueRequired\":true,\"valueName\":\"search_term_string\"}}],\"inLanguage\":\"es\"}]}<\/script>\n<!-- \/ Yoast SEO plugin. -->","yoast_head_json":{"title":"Asistencia domiciliaria - Olsen Salud","robots":{"index":"noindex","follow":"follow"},"og_locale":"es_ES","og_type":"article","og_title":"Asistencia domiciliaria - Olsen Salud","og_description":"El hogar es el lugar donde vivimos, es ah\u00ed donde nos sentimos vivos con nuestra familia y nuestro entorno, de el formamos parte y a el pertenecemos.\u00a0Con este pensamiento encaramos nuestra tarea para que el anciano permanezca en su lugar , su Hogar, no separ\u00e1ndolo de su entorno de vida.\u00a0De esta forma, en su hogar, [&hellip;]","og_url":"https:\/\/olsensalud.com.ar\/?page_id=36","og_site_name":"Olsen Salud","article_modified_time":"2023-01-11T09:57:38+00:00","twitter_card":"summary_large_image","twitter_misc":{"Tiempo de lectura":"3 minutos"},"schema":{"@context":"https:\/\/schema.org","@graph":[{"@type":"WebPage","@id":"https:\/\/olsensalud.com.ar\/?page_id=36","url":"https:\/\/olsensalud.com.ar\/?page_id=36","name":"Asistencia domiciliaria - Olsen Salud","isPartOf":{"@id":"https:\/\/olsensalud.com.ar\/#website"},"datePublished":"2014-02-26T19:13:31+00:00","dateModified":"2023-01-11T09:57:38+00:00","breadcrumb":{"@id":"https:\/\/olsensalud.com.ar\/?page_id=36#breadcrumb"},"inLanguage":"es","potentialAction":[{"@type":"ReadAction","target":["https:\/\/olsensalud.com.ar\/?page_id=36"]}]},{"@type":"BreadcrumbList","@id":"https:\/\/olsensalud.com.ar\/?page_id=36#breadcrumb","itemListElement":[{"@type":"ListItem","position":1,"name":"Home","item":"https:\/\/olsensalud.com.ar\/"},{"@type":"ListItem","position":2,"name":"Servicios","item":"https:\/\/olsensalud.com.ar\/?page_id=6485"},{"@type":"ListItem","position":3,"name":"Asistencia domiciliaria"}]},{"@type":"WebSite","@id":"https:\/\/olsensalud.com.ar\/#website","url":"https:\/\/olsensalud.com.ar\/","name":"Olsen Salud","description":"","potentialAction":[{"@type":"SearchAction","target":{"@type":"EntryPoint","urlTemplate":"https:\/\/olsensalud.com.ar\/?s={search_term_string}"},"query-input":{"@type":"PropertyValueSpecification","valueRequired":true,"valueName":"search_term_string"}}],"inLanguage":"es"}]}},"_links":{"self":[{"href":"https:\/\/olsensalud.com.ar\/index.php?rest_route=\/wp\/v2\/pages\/36","targetHints":{"allow":["GET"]}}],"collection":[{"href":"https:\/\/olsensalud.com.ar\/index.php?rest_route=\/wp\/v2\/pages"}],"about":[{"href":"https:\/\/olsensalud.com.ar\/index.php?rest_route=\/wp\/v2\/types\/page"}],"author":[{"embeddable":true,"href":"https:\/\/olsensalud.com.ar\/index.php?rest_route=\/wp\/v2\/users\/1"}],"replies":[{"embeddable":true,"href":"https:\/\/olsensalud.com.ar\/index.php?rest_route=%2Fwp%2Fv2%2Fcomments&post=36"}],"version-history":[{"count":14,"href":"https:\/\/olsensalud.com.ar\/index.php?rest_route=\/wp\/v2\/pages\/36\/revisions"}],"predecessor-version":[{"id":6996,"href":"https:\/\/olsensalud.com.ar\/index.php?rest_route=\/wp\/v2\/pages\/36\/revisions\/6996"}],"up":[{"embeddable":true,"href":"https:\/\/olsensalud.com.ar\/index.php?rest_route=\/wp\/v2\/pages\/6485"}],"wp:attachment":[{"href":"https:\/\/olsensalud.com.ar\/index.php?rest_route=%2Fwp%2Fv2%2Fmedia&parent=36"}],"curies":[{"name":"wp","href":"https:\/\/api.w.org\/{rel}","templated":true}]}}